{"id":960,"date":"2024-09-05T09:56:41","date_gmt":"2024-09-05T07:56:41","guid":{"rendered":"https:\/\/pointviewplugin.com\/?page_id=960"},"modified":"2024-10-10T13:44:41","modified_gmt":"2024-10-10T11:44:41","slug":"subscriptions","status":"publish","type":"page","link":"https:\/\/pointviewplugin.com\/pl\/account\/subscriptions\/","title":{"rendered":"Subscriptions"},"content":{"rendered":"<div data-elementor-type=\"wp-page\" data-elementor-id=\"960\" class=\"elementor elementor-960\" data-elementor-post-type=\"page\">\n\t\t\t\t<div class=\"elementor-element elementor-element-880abc4 e-flex e-con-boxed e-con e-parent\" data-id=\"880abc4\" data-element_type=\"container\" data-e-type=\"container\">\n\t\t\t\t\t<div class=\"e-con-inner\">\n\t\t\t\t<div class=\"elementor-element elementor-element-b638d8d elementor-widget elementor-widget-heading\" data-id=\"b638d8d\" data-element_type=\"widget\" data-e-type=\"widget\" data-widget_type=\"heading.default\">\n\t\t\t\t<div class=\"elementor-widget-container\">\n\t\t\t\t\t<h3 class=\"elementor-heading-title elementor-size-default\">Twoje subskrypcje<\/h3>\t\t\t\t<\/div>\n\t\t\t\t<\/div>\n\t\t\t\t<div class=\"elementor-element elementor-element-2cf8a0f elementor-widget elementor-widget-text-editor\" data-id=\"2cf8a0f\" data-element_type=\"widget\" data-e-type=\"widget\" data-widget_type=\"text-editor.default\">\n\t\t\t\t<div class=\"elementor-widget-container\">\n\t\t\t\t\t\t\t\t\t<p>Tutaj znajdziesz wszystkie subskrypcje powi\u0105zane z Twoim kontem. Mo\u017cesz sprawdzi\u0107 status ka\u017cdej subskrypcji, daty odnowienia oraz zarz\u0105dza\u0107 opcjami, takimi jak odnowienie, anulowanie czy aktualizacja metody p\u0142atno\u015bci. Zarz\u0105dzaj swoimi subskrypcjami \u0142atwo i wygodnie!<\/p>\t\t\t\t\t\t\t\t<\/div>\n\t\t\t\t<\/div>\n\t\t\t\t<div class=\"elementor-element elementor-element-8dea98e subscription-table elementor-widget elementor-widget-shortcode\" data-id=\"8dea98e\" data-element_type=\"widget\" data-e-type=\"widget\" data-widget_type=\"shortcode.default\">\n\t\t\t\t<div class=\"elementor-widget-container\">\n\t\t\t\t\t\t\t<div class=\"elementor-shortcode\"><\/div>\n\t\t\t\t\t\t<\/div>\n\t\t\t\t<\/div>\n\t\t\t\t\t<\/div>\n\t\t\t\t<\/div>\n\t\t\t\t<\/div>","protected":false},"excerpt":{"rendered":"<p>Your subscriptions Here you can find all the subscriptions associated with your account. You can check the status of each subscription, renewal dates, and manage options like renewal, cancellation, or updating your payment method. Manage&#8230;<\/p>\n<p class=\"continue-reading\"><a class=\"more-link\" href=\"https:\/\/pointviewplugin.com\/pl\/account\/subscriptions\/\">Continue reading &rarr;<\/a><\/p>","protected":false},"author":3,"featured_media":0,"parent":12,"menu_order":0,"comment_status":"closed","ping_status":"closed","template":"","meta":{"_monsterinsights_skip_tracking":false,"_monsterinsights_sitenote_active":false,"_monsterinsights_sitenote_note":"","_monsterinsights_sitenote_category":0,"footnotes":""},"class_list":["post-960","page","type-page","status-publish","hentry"],"_links":{"self":[{"href":"https:\/\/pointviewplugin.com\/pl\/wp-json\/wp\/v2\/pages\/960","targetHints":{"allow":["GET"]}}],"collection":[{"href":"https:\/\/pointviewplugin.com\/pl\/wp-json\/wp\/v2\/pages"}],"about":[{"href":"https:\/\/pointviewplugin.com\/pl\/wp-json\/wp\/v2\/types\/page"}],"author":[{"embeddable":true,"href":"https:\/\/pointviewplugin.com\/pl\/wp-json\/wp\/v2\/users\/3"}],"replies":[{"embeddable":true,"href":"https:\/\/pointviewplugin.com\/pl\/wp-json\/wp\/v2\/comments?post=960"}],"version-history":[{"count":0,"href":"https:\/\/pointviewplugin.com\/pl\/wp-json\/wp\/v2\/pages\/960\/revisions"}],"up":[{"embeddable":true,"href":"https:\/\/pointviewplugin.com\/pl\/wp-json\/wp\/v2\/pages\/12"}],"wp:attachment":[{"href":"https:\/\/pointviewplugin.com\/pl\/wp-json\/wp\/v2\/media?parent=960"}],"curies":[{"name":"wp","href":"https:\/\/api.w.org\/{rel}","templated":true}]}}